{"id":8,"date":"2020-12-15T16:03:03","date_gmt":"2020-12-15T16:03:03","guid":{"rendered":"http:\/\/codequebec.wpengine.com\/?page_id=8"},"modified":"2021-11-25T17:01:46","modified_gmt":"2021-11-25T22:01:46","slug":"code-quebec","status":"publish","type":"page","link":"https:\/\/codequebec.com\/","title":{"rendered":"Code Qu\u00e9bec"},"content":{"rendered":"","protected":false},"excerpt":{"rendered":"","protected":false},"author":6,"featured_media":0,"parent":0,"menu_order":0,"comment_status":"closed","ping_status":"closed","template":"template-general.php","meta":{"footnotes":""},"class_list":["post-8","page","type-page","status-publish","hentry"],"yoast_head":"<!-- This site is optimized with the Yoast SEO plugin v26.3 - https:\/\/yoast.com\/wordpress\/plugins\/seo\/ -->\n<title>Code Qu\u00e9bec - D\u00e9couvrez le peuple qu\u00e9b\u00e9cois<\/title>\n<meta name=\"description\" content=\"Code Qu\u00e9bec, c\u2019est notre qu\u00eate de compr\u00e9hension sur l\u2019identit\u00e9 r\u00e9elle et profonde du peuple qu\u00e9b\u00e9cois.\" \/>\n<meta name=\"robots\" content=\"index, follow, max-snippet:-1, max-image-preview:large, max-video-preview:-1\" \/>\n<link rel=\"canonical\" href=\"https:\/\/codequebec.com\/\" \/>\n<meta property=\"og:locale\" content=\"fr_CA\" \/>\n<meta property=\"og:type\" content=\"article\" \/>\n<meta property=\"og:title\" content=\"Code Qu\u00e9bec - D\u00e9couvrez le peuple qu\u00e9b\u00e9cois\" \/>\n<meta property=\"og:description\" content=\"Qui sommes-nous aujourd\u2019hui?\" \/>\n<meta property=\"og:url\" content=\"https:\/\/codequebec.com\/\" \/>\n<meta property=\"og:site_name\" content=\"Code Qu\u00e9bec\" \/>\n<meta property=\"article:modified_time\" content=\"2021-11-25T22:01:46+00:00\" \/>\n<meta property=\"og:image\" content=\"https:\/\/codequebec.com\/wp-content\/uploads\/2021\/01\/Facebook.jpg\" \/>\n\t<meta property=\"og:image:width\" content=\"1200\" \/>\n\t<meta property=\"og:image:height\" content=\"630\" \/>\n\t<meta property=\"og:image:type\" content=\"image\/jpeg\" \/>\n<meta name=\"twitter:card\" content=\"summary_large_image\" \/>\n<meta name=\"twitter:title\" content=\"Code Qu\u00e9bec - D\u00e9couvrez le peuple qu\u00e9b\u00e9cois\" \/>\n<meta name=\"twitter:description\" content=\"Qui sommes-nous aujourd\u2019hui?\" \/>\n<meta name=\"twitter:image\" content=\"https:\/\/codequebec.com\/wp-content\/uploads\/2021\/01\/Twitter.jpg\" \/>\n<script type=\"application\/ld+json\" class=\"yoast-schema-graph\">{\"@context\":\"https:\/\/schema.org\",\"@graph\":[{\"@type\":\"WebPage\",\"@id\":\"https:\/\/codequebec.com\/\",\"url\":\"https:\/\/codequebec.com\/\",\"name\":\"Code Qu\u00e9bec - D\u00e9couvrez le peuple qu\u00e9b\u00e9cois\",\"isPartOf\":{\"@id\":\"https:\/\/codequebec.com\/#website\"},\"datePublished\":\"2020-12-15T16:03:03+00:00\",\"dateModified\":\"2021-11-25T22:01:46+00:00\",\"description\":\"Code Qu\u00e9bec, c\u2019est notre qu\u00eate de compr\u00e9hension sur l\u2019identit\u00e9 r\u00e9elle et profonde du peuple qu\u00e9b\u00e9cois.\",\"breadcrumb\":{\"@id\":\"https:\/\/codequebec.com\/#breadcrumb\"},\"inLanguage\":\"fr-CA\",\"potentialAction\":[{\"@type\":\"ReadAction\",\"target\":[\"https:\/\/codequebec.com\/\"]}]},{\"@type\":\"BreadcrumbList\",\"@id\":\"https:\/\/codequebec.com\/#breadcrumb\",\"itemListElement\":[{\"@type\":\"ListItem\",\"position\":1,\"name\":\"Home\",\"item\":\"https:\/\/codequebec.com\/\"},{\"@type\":\"ListItem\",\"position\":2,\"name\":\"Code Qu\u00e9bec\"}]},{\"@type\":\"WebSite\",\"@id\":\"https:\/\/codequebec.com\/#website\",\"url\":\"https:\/\/codequebec.com\/\",\"name\":\"Code Qu\u00e9bec\",\"description\":\"\",\"potentialAction\":[{\"@type\":\"SearchAction\",\"target\":{\"@type\":\"EntryPoint\",\"urlTemplate\":\"https:\/\/codequebec.com\/?s={search_term_string}\"},\"query-input\":{\"@type\":\"PropertyValueSpecification\",\"valueRequired\":true,\"valueName\":\"search_term_string\"}}],\"inLanguage\":\"fr-CA\"}]}<\/script>\n<!-- \/ Yoast SEO plugin. -->","yoast_head_json":{"title":"Code Qu\u00e9bec - D\u00e9couvrez le peuple qu\u00e9b\u00e9cois","description":"Code Qu\u00e9bec, c\u2019est notre qu\u00eate de compr\u00e9hension sur l\u2019identit\u00e9 r\u00e9elle et profonde du peuple qu\u00e9b\u00e9cois.","robots":{"index":"index","follow":"follow","max-snippet":"max-snippet:-1","max-image-preview":"max-image-preview:large","max-video-preview":"max-video-preview:-1"},"canonical":"https:\/\/codequebec.com\/","og_locale":"fr_CA","og_type":"article","og_title":"Code Qu\u00e9bec - D\u00e9couvrez le peuple qu\u00e9b\u00e9cois","og_description":"Qui sommes-nous aujourd\u2019hui?","og_url":"https:\/\/codequebec.com\/","og_site_name":"Code Qu\u00e9bec","article_modified_time":"2021-11-25T22:01:46+00:00","og_image":[{"width":1200,"height":630,"url":"https:\/\/codequebec.com\/wp-content\/uploads\/2021\/01\/Facebook.jpg","type":"image\/jpeg"}],"twitter_card":"summary_large_image","twitter_title":"Code Qu\u00e9bec - D\u00e9couvrez le peuple qu\u00e9b\u00e9cois","twitter_description":"Qui sommes-nous aujourd\u2019hui?","twitter_image":"https:\/\/codequebec.com\/wp-content\/uploads\/2021\/01\/Twitter.jpg","schema":{"@context":"https:\/\/schema.org","@graph":[{"@type":"WebPage","@id":"https:\/\/codequebec.com\/","url":"https:\/\/codequebec.com\/","name":"Code Qu\u00e9bec - D\u00e9couvrez le peuple qu\u00e9b\u00e9cois","isPartOf":{"@id":"https:\/\/codequebec.com\/#website"},"datePublished":"2020-12-15T16:03:03+00:00","dateModified":"2021-11-25T22:01:46+00:00","description":"Code Qu\u00e9bec, c\u2019est notre qu\u00eate de compr\u00e9hension sur l\u2019identit\u00e9 r\u00e9elle et profonde du peuple qu\u00e9b\u00e9cois.","breadcrumb":{"@id":"https:\/\/codequebec.com\/#breadcrumb"},"inLanguage":"fr-CA","potentialAction":[{"@type":"ReadAction","target":["https:\/\/codequebec.com\/"]}]},{"@type":"BreadcrumbList","@id":"https:\/\/codequebec.com\/#breadcrumb","itemListElement":[{"@type":"ListItem","position":1,"name":"Home","item":"https:\/\/codequebec.com\/"},{"@type":"ListItem","position":2,"name":"Code Qu\u00e9bec"}]},{"@type":"WebSite","@id":"https:\/\/codequebec.com\/#website","url":"https:\/\/codequebec.com\/","name":"Code Qu\u00e9bec","description":"","potentialAction":[{"@type":"SearchAction","target":{"@type":"EntryPoint","urlTemplate":"https:\/\/codequebec.com\/?s={search_term_string}"},"query-input":{"@type":"PropertyValueSpecification","valueRequired":true,"valueName":"search_term_string"}}],"inLanguage":"fr-CA"}]}},"featured_image":false,"seo":{"opengraph":{"image":"https:\/\/codequebec.com\/wp-content\/uploads\/2021\/01\/Facebook.jpg","image-id":"34","title":"Code Qu\u00e9bec - D\u00e9couvrez le peuple qu\u00e9b\u00e9cois","description":"Qui sommes-nous aujourd\u2019hui?"},"twitter":{"image":"https:\/\/codequebec.com\/wp-content\/uploads\/2021\/01\/Twitter.jpg","image-id":"35","title":"Code Qu\u00e9bec - D\u00e9couvrez le peuple qu\u00e9b\u00e9cois","description":"Qui sommes-nous aujourd\u2019hui?"},"focuskw":"code qu\u00e9bec qu\u00e9b\u00e9cois","title":"%%title%% %%page%% %%sep%% D\u00e9couvrez le peuple qu\u00e9b\u00e9cois","metadesc":"Code Qu\u00e9bec, c\u2019est notre qu\u00eate de compr\u00e9hension sur l\u2019identit\u00e9 r\u00e9elle et profonde du peuple qu\u00e9b\u00e9cois.","linkdex":"42"},"_links":{"self":[{"href":"https:\/\/codequebec.com\/index.php?rest_route=\/wp\/v2\/pages\/8","targetHints":{"allow":["GET"]}}],"collection":[{"href":"https:\/\/codequebec.com\/index.php?rest_route=\/wp\/v2\/pages"}],"about":[{"href":"https:\/\/codequebec.com\/index.php?rest_route=\/wp\/v2\/types\/page"}],"author":[{"embeddable":true,"href":"https:\/\/codequebec.com\/index.php?rest_route=\/wp\/v2\/users\/6"}],"replies":[{"embeddable":true,"href":"https:\/\/codequebec.com\/index.php?rest_route=%2Fwp%2Fv2%2Fcomments&post=8"}],"version-history":[{"count":0,"href":"https:\/\/codequebec.com\/index.php?rest_route=\/wp\/v2\/pages\/8\/revisions"}],"wp:attachment":[{"href":"https:\/\/codequebec.com\/index.php?rest_route=%2Fwp%2Fv2%2Fmedia&parent=8"}],"curies":[{"name":"wp","href":"https:\/\/api.w.org\/{rel}","templated":true}]}}